{"id":139,"date":"2021-11-20T11:21:25","date_gmt":"2021-11-20T14:21:25","guid":{"rendered":"https:\/\/aguasdeparatii.com.br\/site\/?page_id=139"},"modified":"2025-01-06T16:45:23","modified_gmt":"2025-01-06T19:45:23","slug":"a-conheca","status":"publish","type":"page","link":"https:\/\/aguasdeparatii.com.br\/site\/a-conheca\/","title":{"rendered":"Conhe\u00e7a aqui a pousada"},"content":{"rendered":"\t\t<div data-elementor-type=\"wp-page\" data-elementor-id=\"139\" class=\"elementor elementor-139\" data-elementor-settings=\"[]\">\n\t\t\t\t\t\t<div class=\"elementor-inner\">\n\t\t\t\t\t\t\t<div class=\"elementor-section-wrap\">\n\t\t\t\t\t\t\t<section class=\"elementor-section elementor-top-section elementor-element elementor-element-692c2fa elementor-section-full_width elementor-section-height-min-height elementor-section-items-top elementor-section-height-default\" data-id=\"692c2fa\" data-element_type=\"section\">\n\t\t\t\t\t\t<div class=\"elementor-container elementor-column-gap-no\">\n\t\t\t\t\t\t\t<div class=\"elementor-row\">\n\t\t\t\t\t<div class=\"elementor-column elementor-col-100 elementor-top-column elementor-element elementor-element-260b124\" data-id=\"260b124\" data-element_type=\"column\">\n\t\t\t<div class=\"elementor-column-wrap elementor-element-populated\">\n\t\t\t\t\t\t\t<div class=\"elementor-widget-wrap\">\n\t\t\t\t\t\t<div class=\"elementor-element elementor-element-9f99317 elementor-widget elementor-widget-global elementor-global-151 elementor-widget-text-editor\" data-id=\"9f99317\" data-element_type=\"widget\" data-widget_type=\"text-editor.default\">\n\t\t\t\t<div class=\"elementor-widget-container\">\n\t\t\t\t\t<div class=\"elementor-text-editor elementor-clearfix\"><p>Pousada em Paraty<\/p><\/div>\n\t\t\t\t<\/div>\n\t\t\t\t<\/div>\n\t\t\t\t\t\t<\/div>\n\t\t\t\t\t<\/div>\n\t\t<\/div>\n\t\t\t\t\t\t\t\t<\/div>\n\t\t\t\t\t<\/div>\n\t\t<\/section>\n\t\t\t\t<section class=\"elementor-section elementor-top-section elementor-element elementor-element-53bea20 elementor-section-boxed elementor-section-height-default elementor-section-height-default\" data-id=\"53bea20\" data-element_type=\"section\">\n\t\t\t\t\t\t<div class=\"elementor-container elementor-column-gap-default\">\n\t\t\t\t\t\t\t<div class=\"elementor-row\">\n\t\t\t\t\t<div class=\"elementor-column elementor-col-100 elementor-top-column elementor-element elementor-element-55a1fc5\" data-id=\"55a1fc5\" data-element_type=\"column\">\n\t\t\t<div class=\"elementor-column-wrap elementor-element-populated\">\n\t\t\t\t\t\t\t<div class=\"elementor-widget-wrap\">\n\t\t\t\t\t\t<div class=\"elementor-element elementor-element-6db15cd elementor-widget elementor-widget-image\" data-id=\"6db15cd\" data-element_type=\"widget\" data-widget_type=\"image.default\">\n\t\t\t\t<div class=\"elementor-widget-container\">\n\t\t\t\t\t<div class=\"elementor-image\">\n\t\t\t\t\t\t\t\t\t\t<img decoding=\"async\" src=\"https:\/\/aguasdeparatii.com.br\/site\/wp-content\/uploads\/elementor\/thumbs\/DSC_0411-scaled-qzmfe4g4wzkfnxxtooylbsajq62exazd1098dbueeo.jpg\" title=\"DSC_0411\" alt=\"DSC_0411\" \/>\t\t\t\t\t\t\t\t\t\t\t<\/div>\n\t\t\t\t<\/div>\n\t\t\t\t<\/div>\n\t\t\t\t\t\t<\/div>\n\t\t\t\t\t<\/div>\n\t\t<\/div>\n\t\t\t\t\t\t\t\t<\/div>\n\t\t\t\t\t<\/div>\n\t\t<\/section>\n\t\t\t\t<section class=\"elementor-section elementor-top-section elementor-element elementor-element-7100a0d elementor-section-boxed elementor-section-height-default elementor-section-height-default\" data-id=\"7100a0d\" data-element_type=\"section\">\n\t\t\t\t\t\t<div class=\"elementor-container elementor-column-gap-default\">\n\t\t\t\t\t\t\t<div class=\"elementor-row\">\n\t\t\t\t\t<div class=\"elementor-column elementor-col-100 elementor-top-column elementor-element elementor-element-c5bdc0c\" data-id=\"c5bdc0c\" data-element_type=\"column\">\n\t\t\t<div class=\"elementor-column-wrap elementor-element-populated\">\n\t\t\t\t\t\t\t<div class=\"elementor-widget-wrap\">\n\t\t\t\t\t\t<div class=\"elementor-element elementor-element-50ad117 elementor-widget elementor-widget-heading\" data-id=\"50ad117\" data-element_type=\"widget\" data-widget_type=\"heading.default\">\n\t\t\t\t<div class=\"elementor-widget-container\">\n\t\t\t<h2 class=\"elementor-heading-title elementor-size-large\">SEU NOVO NEG\u00d3CIO<\/h2>\t\t<\/div>\n\t\t\t\t<\/div>\n\t\t\t\t\t\t<\/div>\n\t\t\t\t\t<\/div>\n\t\t<\/div>\n\t\t\t\t\t\t\t\t<\/div>\n\t\t\t\t\t<\/div>\n\t\t<\/section>\n\t\t\t\t<section class=\"elementor-section elementor-top-section elementor-element elementor-element-fbc94d6 elementor-section-boxed elementor-section-height-default elementor-section-height-default\" data-id=\"fbc94d6\" data-element_type=\"section\">\n\t\t\t\t\t\t<div class=\"elementor-container elementor-column-gap-default\">\n\t\t\t\t\t\t\t<div class=\"elementor-row\">\n\t\t\t\t\t<div class=\"elementor-column elementor-col-100 elementor-top-column elementor-element elementor-element-781af32\" data-id=\"781af32\" data-element_type=\"column\">\n\t\t\t<div class=\"elementor-column-wrap elementor-element-populated\">\n\t\t\t\t\t\t\t<div class=\"elementor-widget-wrap\">\n\t\t\t\t\t\t<div class=\"elementor-element elementor-element-8d510e1 elementor-widget elementor-widget-text-editor\" data-id=\"8d510e1\" data-element_type=\"widget\" data-widget_type=\"text-editor.default\">\n\t\t\t\t<div class=\"elementor-widget-container\">\n\t\t\t\t\t<div class=\"elementor-text-editor elementor-clearfix\"><ul><li>Descubra o Para\u00edso em Paraty: Pousada \u00e0 Beira do Rio com 20 Su\u00edtes e Localiza\u00e7\u00e3o Privilegiada Voc\u00ea sonha em possuir uma pousada \u00fanica em uma das cidades mais encantadoras do Brasil? Apresentamos a voc\u00ea a oportunidade dos seus sonhos! Esta pousada deslumbrante est\u00e1 \u00e0 venda em Paraty, uma j\u00f3ia hist\u00f3rica \u00e0 beira do rio, com uma vista espetacular para o SESC e a poucos minutos do centro e das praias. *Caracter\u00edsticas Principais:* &#8211; 20 su\u00edtes espa\u00e7osas para acomodar seus h\u00f3spedes com conforto e estilo. &#8211; Um deck privativo \u00e0 beira do rio, onde todos os visitantes podem relaxar e desfrutar da serenidade das \u00e1guas. &#8211; Uma vista panor\u00e2mica deslumbrante do SESC, proporcionando uma atmosfera verdadeiramente \u00fanica. &#8211; Localiza\u00e7\u00e3o privilegiada, a menos de 10 minutos do centro hist\u00f3rico de Paraty, onde voc\u00ea encontrar\u00e1 restaurantes, lojas e a rica cultura da cidade. &#8211; A proximidade das praias locais adiciona ainda mais valor a esta propriedade, tornando-a um destino perfeito para quem busca o equil\u00edbrio entre a tranquilidade e a conveni\u00eancia. &#8211; Um terreno generoso de 1800 metros quadrados com 1500 metros quadrados de \u00e1rea constru\u00edda, oferecendo amplo espa\u00e7o para expandir e aprimorar ainda mais essa joia. Esta pousada \u00e9 a combina\u00e7\u00e3o perfeita de eleg\u00e2ncia, conforto e localiza\u00e7\u00e3o. \u00c9 a oportunidade ideal para investidores ou empreendedores que desejam continuar a tradi\u00e7\u00e3o de oferecer hospitalidade de classe em Paraty.<\/li><\/ul><\/div>\n\t\t\t\t<\/div>\n\t\t\t\t<\/div>\n\t\t\t\t\t\t<\/div>\n\t\t\t\t\t<\/div>\n\t\t<\/div>\n\t\t\t\t\t\t\t\t<\/div>\n\t\t\t\t\t<\/div>\n\t\t<\/section>\n\t\t\t\t<section class=\"elementor-section elementor-top-section elementor-element elementor-element-1151e4c elementor-section-boxed elementor-section-height-default elementor-section-height-default\" data-id=\"1151e4c\" data-element_type=\"section\">\n\t\t\t\t\t\t<div class=\"elementor-container elementor-column-gap-default\">\n\t\t\t\t\t\t\t<div class=\"elementor-row\">\n\t\t\t\t\t<div class=\"elementor-column elementor-col-100 elementor-top-column elementor-element elementor-element-3ea0602\" data-id=\"3ea0602\" data-element_type=\"column\">\n\t\t\t<div class=\"elementor-column-wrap elementor-element-populated\">\n\t\t\t\t\t\t\t<div class=\"elementor-widget-wrap\">\n\t\t\t\t\t\t<div class=\"elementor-element elementor-element-1a8f9e6 elementor-widget elementor-widget-heading\" data-id=\"1a8f9e6\" data-element_type=\"widget\" data-widget_type=\"heading.default\">\n\t\t\t\t<div class=\"elementor-widget-container\">\n\t\t\t<h2 class=\"elementor-heading-title elementor-size-default\">LOCALIZA\u00c7\u00c3O<\/h2>\t\t<\/div>\n\t\t\t\t<\/div>\n\t\t\t\t\t\t<\/div>\n\t\t\t\t\t<\/div>\n\t\t<\/div>\n\t\t\t\t\t\t\t\t<\/div>\n\t\t\t\t\t<\/div>\n\t\t<\/section>\n\t\t\t\t<section class=\"elementor-section elementor-top-section elementor-element elementor-element-4ede82a elementor-section-boxed elementor-section-height-default elementor-section-height-default\" data-id=\"4ede82a\" data-element_type=\"section\">\n\t\t\t\t\t\t<div class=\"elementor-container elementor-column-gap-default\">\n\t\t\t\t\t\t\t<div class=\"elementor-row\">\n\t\t\t\t\t<div class=\"elementor-column elementor-col-100 elementor-top-column elementor-element elementor-element-58933a2\" data-id=\"58933a2\" data-element_type=\"column\">\n\t\t\t<div class=\"elementor-column-wrap elementor-element-populated\">\n\t\t\t\t\t\t\t<div class=\"elementor-widget-wrap\">\n\t\t\t\t\t\t<div class=\"elementor-element elementor-element-cc4b37b elementor-widget elementor-widget-text-editor\" data-id=\"cc4b37b\" data-element_type=\"widget\" data-widget_type=\"text-editor.default\">\n\t\t\t\t<div class=\"elementor-widget-container\">\n\t\t\t\t\t<div class=\"elementor-text-editor elementor-clearfix\"><h5>Sobre Portal de Paraty<\/h5><ul><li>Bairro residencial de excelente padr\u00e3o, tranquilo, afastado aproximadamente dois quil\u00f4metros do centro hist\u00f3rico e, por isso, mais recomendado para quem estiver com carro. Possui padaria, mercado e restaurantes nas proximidades. Por ser tamb\u00e9m pr\u00f3ximo \u00e0 Rio-Santos, possui acesso mais r\u00e1pido para as praias e marinas.<\/li><\/ul><\/div>\n\t\t\t\t<\/div>\n\t\t\t\t<\/div>\n\t\t\t\t\t\t<\/div>\n\t\t\t\t\t<\/div>\n\t\t<\/div>\n\t\t\t\t\t\t\t\t<\/div>\n\t\t\t\t\t<\/div>\n\t\t<\/section>\n\t\t\t\t\t\t<\/div>\n\t\t\t\t\t\t<\/div>\n\t\t\t\t\t<\/div>\n\t\t","protected":false},"excerpt":{"rendered":"<p>Pousada em Paraty SEU NOVO NEG\u00d3CIO Descubra o Para\u00edso em Paraty: Pousada \u00e0 Beira do Rio com 20 Su\u00edtes e Localiza\u00e7\u00e3o Privilegiada Voc\u00ea sonha em possuir uma pousada \u00fanica em uma das cidades mais encantadoras do Brasil? Apresentamos a voc\u00ea a oportunidade dos seus sonhos! Esta pousada deslumbrante est\u00e1 \u00e0 venda em Paraty, uma j\u00f3ia [&hellip;]<\/p>\n","protected":false},"author":1,"featured_media":0,"parent":0,"menu_order":0,"comment_status":"closed","ping_status":"closed","template":"elementor_canvas","meta":{"footnotes":""},"class_list":["post-139","page","type-page","status-publish","hentry"],"aioseo_notices":[],"_links":{"self":[{"href":"https:\/\/aguasdeparatii.com.br\/site\/wp-json\/wp\/v2\/pages\/139","targetHints":{"allow":["GET"]}}],"collection":[{"href":"https:\/\/aguasdeparatii.com.br\/site\/wp-json\/wp\/v2\/pages"}],"about":[{"href":"https:\/\/aguasdeparatii.com.br\/site\/wp-json\/wp\/v2\/types\/page"}],"author":[{"embeddable":true,"href":"https:\/\/aguasdeparatii.com.br\/site\/wp-json\/wp\/v2\/users\/1"}],"replies":[{"embeddable":true,"href":"https:\/\/aguasdeparatii.com.br\/site\/wp-json\/wp\/v2\/comments?post=139"}],"version-history":[{"count":27,"href":"https:\/\/aguasdeparatii.com.br\/site\/wp-json\/wp\/v2\/pages\/139\/revisions"}],"predecessor-version":[{"id":1333,"href":"https:\/\/aguasdeparatii.com.br\/site\/wp-json\/wp\/v2\/pages\/139\/revisions\/1333"}],"wp:attachment":[{"href":"https:\/\/aguasdeparatii.com.br\/site\/wp-json\/wp\/v2\/media?parent=139"}],"curies":[{"name":"wp","href":"https:\/\/api.w.org\/{rel}","templated":true}]}}